{"id":2143,"date":"2016-09-14T11:37:53","date_gmt":"2016-09-14T15:37:53","guid":{"rendered":"https:\/\/ladauphinelle.org\/funding\/evenements\/"},"modified":"2025-12-03T09:50:50","modified_gmt":"2025-12-03T14:50:50","slug":"fundraisers","status":"publish","type":"page","link":"https:\/\/ladauphinelle.org\/en\/funding\/fundraisers\/","title":{"rendered":"Fundraisers"},"content":{"rendered":"<div class=\"fusion-fullwidth fullwidth-box fusion-builder-row-1 nonhundred-percent-fullwidth non-hundred-percent-height-scrolling\" style=\"background-color: rgba(255,255,255,0);background-position: left top;background-repeat: no-repeat;padding-top:20px;padding-right:0px;padding-bottom:20px;padding-left:0px;margin-bottom: 0px;margin-top: 0px;border-width: 0px 0px 0px 0px;border-color:#eae9e9;border-style:solid;\" ><div class=\"fusion-builder-row fusion-row\"><div class=\"fusion-layout-column fusion_builder_column fusion-builder-column-0 fusion_builder_column_1_1 1_1 fusion-one-full fusion-column-first fusion-column-last\" style=\"margin-top:0px;margin-bottom:0px;\"><div class=\"fusion-column-wrapper fusion-flex-column-wrapper-legacy\" style=\"background-position:left top;background-repeat:no-repeat;-webkit-background-size:cover;-moz-background-size:cover;-o-background-size:cover;background-size:cover;padding: 0px 0px 0px 0px;\"><div class=\"fusion-text fusion-text-1\"><p>Every year, La Dauphinelle organizes its annual fundraising event where the business community gathers for an emotional, gastronomic evening!<\/p>\n<h2>Our Previous Editions<\/h2>\n<p><span style=\"color: #00bddd; font-size: 1.25rem;\"><strong>October 15, 2025<\/strong><\/span><\/p>\n<p>The 2025 Dauphinelle Evening, presented by Valero Energy, brought together a committed community at the Bonsecours Market. Thanks to the generosity of our guests, partners, and volunteers, a net amount of $184,000 was raised to benefit women and children who are victims of domestic violence. Under the theme \u201c\u00c0 table en famille!\u201d (Let&#8217;s eat as a family!), the event was marked by a deep sense of solidarity and a warm atmosphere.<\/p>\n<p>Thank you to our valued partners, whose support makes our mission possible:<br \/>\nValero Energy, Global Alpha, TD Bank Group, Quebecor, Lefebvre Group &amp; SR Construction, Akonovia, Courlem \u00c9lectrique, Fra\u00eechement Bon, Lefebvre Group MRP, Nuances Design, Rachel Julien, Transcontinental, Therrien Couture Joli-C\u0153ur, Arhoma, Cidrerie Compton, MOX, and Savencia.<\/p>\n<p>A huge thank you to our great chefs, who generously offered their talent:<br \/>\nOliv Perret, Philippe Bretigniere, Xavier Dahan, Fr\u00e9d\u00e9rick Mey, Stephanie Labelle, Paul Peyrat, Marie Rougier, Maxime &amp; Thierry Rouy\u00e9, and Romain Valicon.<\/p>\n<p>To relive the evening, <a href=\"https:\/\/www.flickr.com\/photos\/199271016@N02\/albums\/72177720329856544\/\">visit our photo album<\/a>!<\/p>\n<hr \/>\n<p><span style=\"color: #00bddd; font-size: 1.25rem;\"><strong>October 9, 2024<\/strong><\/span><\/p>\n<p>Fun, networking, fine dining, and conviviality characterized the 2024 edition of the Soir\u00e9e Dauphinelle!<\/p>\n<p>Our 400 guests gathered at the March\u00e9 Bonsecours for this fundraising evening themed \u201cMontreal, my new beginning,\u201d where we raised a net amount of $200,000.<\/p>\n<p>Thank you to our chefs who provided us with a sumptuous cocktail reception:<\/p>\n<p><strong>Olivier Perret<\/strong> | Renoir | Sofitel Montreal Le Carr\u00e9 Dor\u00e9 Hotel<\/p>\n<p><strong>Xavier Dahan<\/strong> | Bivouac | DoubleTree Hilton Montreal Hotel<\/p>\n<p><strong>Florimond Hannoteau<\/strong> | Le Boulvardier | Le Germain Montreal Hotel<\/p>\n<p><strong>Maxime Mottier and Coralline Zoumis<\/strong> | \u00d4 petit Paris<\/p>\n<p><strong>Fr\u00e9d\u00e9rick Mey<\/strong> | Le Bleu Raisin<\/p>\n<p><strong>Thierry and Maxime Rouy\u00e9<\/strong> | La table des Gourmets<\/p>\n<p><strong>Ronan Ulliac<\/strong> | Consulate General of France in Montreal<\/p>\n<p><strong>Romain Valicon<\/strong> | Ritz Carlton Montreal<\/p>\n<p>A big thank you to the event sponsors:<\/p>\n<p>Valero Energy, Global Alpha, Quebecor, TD Bank, SR Construction &amp; Lefebvre et Benoit, Transcontinental, Akonovia, Courlem \u00c9lectrique, Air Canada Foundation, Greenshield, Grizzly ASE, Therrien Couture Jolicoeur, La vie en rose, Rachel Julien, TRSB<\/p>\n<p><a href=\"https:\/\/www.flickr.com\/photos\/199271016@N02\/albums\/72177720321255802\/\">Visit the 2024 Dauphinelle Evening souvenir album<\/a><\/p>\n<hr \/>\n<p><span style=\"color: #00bddd; font-size: 1.25rem;\"><strong>September 28, 2023<\/strong><\/span><\/p>\n<p>Full house and record attendance for our 2023 edition of the Soir\u00e9e Dauphinelle!<\/p>\n<p>280 people gathered at the Entrep\u00f4ts Dominion for a delicious cocktail reception, orchestrated by Olivier Perret, Executive Chef at Le Renoir.<\/p>\n<p>It is with pride and immense satisfaction that we announced the current cumulative result of our Maison d&#8217;\u00c9velyn campaign, including the net proceeds from this evening: $1,840,000!<\/p>\n<p>A big thank you to the event&#8217;s sponsors:<\/p>\n<p>Valero Energy, Quebecor, Air Canada Foundation, Global Alpha, TD Bank Group, Lefebvre &amp; Benoit \/ SR Construction, Transcontinental, Akonovia, Espace Construction, Guy Lalibert\u00e9 Foundation, La Vie en Rose, Quasimodo, Rubino, Sentinel Property Management, and Ventilation D. Lacoste.<\/p>\n<p>This gastronomic evening would not have been possible without our volunteer chefs: Olivier Perret, Xavier Dahan, Gregory Faye, St\u00e9phanie Labelle, Fr\u00e9d\u00e9rick Mey, Jeremy Monsel, and Thierry &amp; Maxime Rouy\u00e9.<\/p>\n<hr \/>\n<p><span style=\"color: #00bddd; font-size: 1.25rem;\"><strong>September 28, 2022<\/strong><\/span><\/p>\n<p>In honour of La Dauphinelle\u2019s 40th anniversary, over 200 guests gathered at the Montreal Science Centre\u2019s Belvedere hall for an extravagant cocktail reception and dance.<\/p>\n<p>The evening was also an opportunity to celebrate the ongoing fundraising campaign for La Maison d\u2019\u00c9velyn. After several months of campaigning and this year\u2019s Dauphinelle benefit, the team was tremendously proud to announce having raised $1.1 million!<\/p>\n<p>Thank you to the event sponsors:<br \/>\nQu\u00e9becor, Quasimodo, TC Transcontinental, La Vie en Rose, Desjardins, Le Groupe Maurice and Financi\u00e8re Banque Nationale<\/p>\n<p>A special thank you to our volunteer chefs:<br \/>\nOlivier Perret, Romain Cagnat, Xavier Dahan, Fr\u00e9d\u00e9rick Mey, J\u00e9r\u00e9my Monsel, Benjamin Patrier and Olivier Potier.<\/p>\n<hr \/>\n<p><span style=\"color: #00bddd; font-size: 1.25rem;\"><strong>November 28, 2019<\/strong><\/span><\/p>\n<p>Over 200 guests gathered at the Saint-James Theater for a festive gourmet evening. Over $315,000 was raised to support La Dauphinelle&#8217;s housing services.<\/p>\n<p>Thanks to our sponsors:<br \/>\nQu\u00e9becor, Valero Energy, Ivanho\u00e9 Cambridge, Transcontinental, Industrial Alliance, Fidelity, Hydro-Qu\u00e9bec et Desjardins<\/p>\n<p>A special thank you to our chefs Olivier Perret, Bertrand Jeanson, C\u00e9dric Deslande and Roland Del Monte for our gourmet dinner.<\/p>\n<hr \/>\n<p><span style=\"color: #00bddd; font-size: 1.25rem;\"><strong>November 29, 2018<\/strong><\/span><\/p>\n<p>Held under the honorary presidency of Christiane Germain and Marie Pier Germain, the evening allowed guests to learn about La Dauphinelle\u2019s mission, while also sharing a special moment with Isabelle Boulay during an intimate and exclusive performance! Over $312,000 was donated to La Dauphinelle following this cocktail reception held at L&#8217;Olympia in Montreal.<\/p>\n<hr \/>\n<p><span style=\"color: #00bddd; font-size: 1.25rem;\"><strong>November 9, 2017<\/strong><\/span><\/p>\n<p>Several artists took turns inviting guests onto the dancefloor during this extraordinary evening. An amount of $210,000 was donated to La Dauphinelle during this benefit hosted at the Th\u00e9\u00e2tre Paradoxe. Under the honorary presidency of Isabelle Hudon, this gourmet dancing dinner also highlighted La Dauphinelle\u2019s 35th anniversary.<\/p>\n<p>If you would like to organize an event or fundraiser to benefit La Dauphinelle, please submit this form and a member of our team will <a href=\"https:\/\/ladauphinelle.org\/wp-content\/uploads\/2022\/04\/FormulaireCollecte_Interactif.pdf\" target=\"_blank\" rel=\"noopener\">contact you.<\/a><\/p>\n<\/div><div class=\"fusion-clearfix\"><\/div><\/div><\/div><\/div><\/div>\n","protected":false},"excerpt":{"rendered":"","protected":false},"author":1857,"featured_media":0,"parent":2135,"menu_order":0,"comment_status":"closed","ping_status":"closed","template":"100-width.php","meta":[],"yoast_head":"<!-- This site is optimized with the Yoast SEO plugin v19.2 - https:\/\/yoast.com\/wordpress\/plugins\/seo\/ -->\n<title>Fundraisers - La Dauphinelle<\/title>\n<meta name=\"robots\" content=\"index, follow, max-snippet:-1, max-image-preview:large, max-video-preview:-1\" \/>\n<link rel=\"canonical\" href=\"https:\/\/ladauphinelle.org\/en\/funding\/fundraisers\/\" \/>\n<meta property=\"og:locale\" content=\"en_US\" \/>\n<meta property=\"og:type\" content=\"article\" \/>\n<meta property=\"og:title\" content=\"Fundraisers - La Dauphinelle\" \/>\n<meta property=\"og:url\" content=\"https:\/\/ladauphinelle.org\/en\/funding\/fundraisers\/\" \/>\n<meta property=\"og:site_name\" content=\"La Dauphinelle\" \/>\n<meta property=\"article:publisher\" content=\"https:\/\/www.facebook.com\/ladauphinelle\" \/>\n<meta property=\"article:modified_time\" content=\"2025-12-03T14:50:50+00:00\" \/>\n<meta name=\"author\" content=\"mebweb_dauphinelle\" \/>\n<meta name=\"twitter:card\" content=\"summary\" \/>\n<meta name=\"twitter:label1\" content=\"Est. reading time\" \/>\n\t<meta name=\"twitter:data1\" content=\"5 minutes\" \/>\n<script type=\"application\/ld+json\" class=\"yoast-schema-graph\">{\"@context\":\"https:\/\/schema.org\",\"@graph\":[{\"@type\":\"Organization\",\"@id\":\"https:\/\/ladauphinelle.org\/#organization\",\"name\":\"La Dauphinelle\",\"url\":\"https:\/\/ladauphinelle.org\/\",\"sameAs\":[\"https:\/\/www.facebook.com\/ladauphinelle\"],\"logo\":{\"@type\":\"ImageObject\",\"inLanguage\":\"en-US\",\"@id\":\"https:\/\/ladauphinelle.org\/#\/schema\/logo\/image\/\",\"url\":\"https:\/\/ladauphinelle.org\/wp-content\/uploads\/2016\/06\/la-dauphinelle-logo-retina.png\",\"contentUrl\":\"https:\/\/ladauphinelle.org\/wp-content\/uploads\/2016\/06\/la-dauphinelle-logo-retina.png\",\"width\":474,\"height\":214,\"caption\":\"La Dauphinelle\"},\"image\":{\"@id\":\"https:\/\/ladauphinelle.org\/#\/schema\/logo\/image\/\"}},{\"@type\":\"WebSite\",\"@id\":\"https:\/\/ladauphinelle.org\/#website\",\"url\":\"https:\/\/ladauphinelle.org\/\",\"name\":\"La Dauphinelle\",\"description\":\"Foyer pour femmes\",\"publisher\":{\"@id\":\"https:\/\/ladauphinelle.org\/#organization\"},\"potentialAction\":[{\"@type\":\"SearchAction\",\"target\":{\"@type\":\"EntryPoint\",\"urlTemplate\":\"https:\/\/ladauphinelle.org\/?s={search_term_string}\"},\"query-input\":\"required name=search_term_string\"}],\"inLanguage\":\"en-US\"},{\"@type\":\"WebPage\",\"@id\":\"https:\/\/ladauphinelle.org\/en\/funding\/fundraisers\/#webpage\",\"url\":\"https:\/\/ladauphinelle.org\/en\/funding\/fundraisers\/\",\"name\":\"Fundraisers - La Dauphinelle\",\"isPartOf\":{\"@id\":\"https:\/\/ladauphinelle.org\/#website\"},\"datePublished\":\"2016-09-14T15:37:53+00:00\",\"dateModified\":\"2025-12-03T14:50:50+00:00\",\"breadcrumb\":{\"@id\":\"https:\/\/ladauphinelle.org\/en\/funding\/fundraisers\/#breadcrumb\"},\"inLanguage\":\"en-US\",\"potentialAction\":[{\"@type\":\"ReadAction\",\"target\":[\"https:\/\/ladauphinelle.org\/en\/funding\/fundraisers\/\"]}]},{\"@type\":\"BreadcrumbList\",\"@id\":\"https:\/\/ladauphinelle.org\/en\/funding\/fundraisers\/#breadcrumb\",\"itemListElement\":[{\"@type\":\"ListItem\",\"position\":1,\"name\":\"Accueil\",\"item\":\"https:\/\/ladauphinelle.org\/en\/home\/\"},{\"@type\":\"ListItem\",\"position\":2,\"name\":\"Funding\",\"item\":\"https:\/\/ladauphinelle.org\/en\/funding\/\"},{\"@type\":\"ListItem\",\"position\":3,\"name\":\"Fundraisers\"}]}]}<\/script>\n<!-- \/ Yoast SEO plugin. -->","yoast_head_json":{"title":"Fundraisers - La Dauphinelle","robots":{"index":"index","follow":"follow","max-snippet":"max-snippet:-1","max-image-preview":"max-image-preview:large","max-video-preview":"max-video-preview:-1"},"canonical":"https:\/\/ladauphinelle.org\/en\/funding\/fundraisers\/","og_locale":"en_US","og_type":"article","og_title":"Fundraisers - La Dauphinelle","og_url":"https:\/\/ladauphinelle.org\/en\/funding\/fundraisers\/","og_site_name":"La Dauphinelle","article_publisher":"https:\/\/www.facebook.com\/ladauphinelle","article_modified_time":"2025-12-03T14:50:50+00:00","author":"mebweb_dauphinelle","twitter_card":"summary","twitter_misc":{"Est. reading time":"5 minutes"},"schema":{"@context":"https:\/\/schema.org","@graph":[{"@type":"Organization","@id":"https:\/\/ladauphinelle.org\/#organization","name":"La Dauphinelle","url":"https:\/\/ladauphinelle.org\/","sameAs":["https:\/\/www.facebook.com\/ladauphinelle"],"logo":{"@type":"ImageObject","inLanguage":"en-US","@id":"https:\/\/ladauphinelle.org\/#\/schema\/logo\/image\/","url":"https:\/\/ladauphinelle.org\/wp-content\/uploads\/2016\/06\/la-dauphinelle-logo-retina.png","contentUrl":"https:\/\/ladauphinelle.org\/wp-content\/uploads\/2016\/06\/la-dauphinelle-logo-retina.png","width":474,"height":214,"caption":"La Dauphinelle"},"image":{"@id":"https:\/\/ladauphinelle.org\/#\/schema\/logo\/image\/"}},{"@type":"WebSite","@id":"https:\/\/ladauphinelle.org\/#website","url":"https:\/\/ladauphinelle.org\/","name":"La Dauphinelle","description":"Foyer pour femmes","publisher":{"@id":"https:\/\/ladauphinelle.org\/#organization"},"potentialAction":[{"@type":"SearchAction","target":{"@type":"EntryPoint","urlTemplate":"https:\/\/ladauphinelle.org\/?s={search_term_string}"},"query-input":"required name=search_term_string"}],"inLanguage":"en-US"},{"@type":"WebPage","@id":"https:\/\/ladauphinelle.org\/en\/funding\/fundraisers\/#webpage","url":"https:\/\/ladauphinelle.org\/en\/funding\/fundraisers\/","name":"Fundraisers - La Dauphinelle","isPartOf":{"@id":"https:\/\/ladauphinelle.org\/#website"},"datePublished":"2016-09-14T15:37:53+00:00","dateModified":"2025-12-03T14:50:50+00:00","breadcrumb":{"@id":"https:\/\/ladauphinelle.org\/en\/funding\/fundraisers\/#breadcrumb"},"inLanguage":"en-US","potentialAction":[{"@type":"ReadAction","target":["https:\/\/ladauphinelle.org\/en\/funding\/fundraisers\/"]}]},{"@type":"BreadcrumbList","@id":"https:\/\/ladauphinelle.org\/en\/funding\/fundraisers\/#breadcrumb","itemListElement":[{"@type":"ListItem","position":1,"name":"Accueil","item":"https:\/\/ladauphinelle.org\/en\/home\/"},{"@type":"ListItem","position":2,"name":"Funding","item":"https:\/\/ladauphinelle.org\/en\/funding\/"},{"@type":"ListItem","position":3,"name":"Fundraisers"}]}]}},"_links":{"self":[{"href":"https:\/\/ladauphinelle.org\/en\/wp-json\/wp\/v2\/pages\/2143"}],"collection":[{"href":"https:\/\/ladauphinelle.org\/en\/wp-json\/wp\/v2\/pages"}],"about":[{"href":"https:\/\/ladauphinelle.org\/en\/wp-json\/wp\/v2\/types\/page"}],"author":[{"embeddable":true,"href":"https:\/\/ladauphinelle.org\/en\/wp-json\/wp\/v2\/users\/1857"}],"replies":[{"embeddable":true,"href":"https:\/\/ladauphinelle.org\/en\/wp-json\/wp\/v2\/comments?post=2143"}],"version-history":[{"count":9,"href":"https:\/\/ladauphinelle.org\/en\/wp-json\/wp\/v2\/pages\/2143\/revisions"}],"predecessor-version":[{"id":3686,"href":"https:\/\/ladauphinelle.org\/en\/wp-json\/wp\/v2\/pages\/2143\/revisions\/3686"}],"up":[{"embeddable":true,"href":"https:\/\/ladauphinelle.org\/en\/wp-json\/wp\/v2\/pages\/2135"}],"wp:attachment":[{"href":"https:\/\/ladauphinelle.org\/en\/wp-json\/wp\/v2\/media?parent=2143"}],"curies":[{"name":"wp","href":"https:\/\/api.w.org\/{rel}","templated":true}]}}